{"id":1134,"date":"2020-11-19T11:27:27","date_gmt":"2020-11-19T10:27:27","guid":{"rendered":"https:\/\/fergra.it\/\/fermix\/"},"modified":"2021-06-23T14:50:16","modified_gmt":"2021-06-23T12:50:16","slug":"fermix","status":"publish","type":"page","link":"https:\/\/fergra.it\/fr\/fermix\/","title":{"rendered":"FERMIX"},"content":{"rendered":"<h4>FERMIX<\/h4>\n<div class=\"mt-5\"><\/div>\n<h1 class=\"poppins\">Exprimez votre cr\u00e9ativit\u00e9, s\u00e9lectionnez votre m\u00e9lange personnalis\u00e9<\/h1>\n<div class=\"mt-5\"><\/div>\n<p class=\"gold\"><strong><strong>Notre service innovant nous permet de pr\u00e9parer tout type de m\u00e9lange avec les mat\u00e9riaux et granulom\u00e9tries de notre gamme, avec possibilit\u00e9 de conditionnement en big bags et en sacs plastique de 25 kg ou 10 kg.<\/strong><\/p>\n<p>Les avantages offerts sont multiples \u2013 facilit\u00e9 de transport, rapidit\u00e9 de m\u00e9lange et d&rsquo;utilisation, et r\u00e9p\u00e9tabilit\u00e9 de r\u00e9alisation.<\/p>\n<p>Nous proposons quelques-unes des compositions les plus demand\u00e9es, mais les possibilit\u00e9s de personnalisation sont infinies.<\/p>\n<p>&nbsp;<\/p>\n","protected":false},"excerpt":{"rendered":"<p>FERMIX Exprimez votre cr\u00e9ativit\u00e9, s\u00e9lectionnez votre m\u00e9lange personnalis\u00e9 Notre service innovant nous permet de pr\u00e9parer tout type de m\u00e9lange avec les mat\u00e9riaux et granulom\u00e9tries de notre gamme, avec possibilit\u00e9 de conditionnement en big bags et en sacs plastique de 25 kg ou 10 kg. Les avantages offerts sont multiples \u2013 facilit\u00e9 de transport, rapidit\u00e9 de &hellip; <a href=\"https:\/\/fergra.it\/fr\/fermix\/\">Continued<\/a><\/p>\n","protected":false},"author":1,"featured_media":10876,"parent":0,"menu_order":0,"comment_status":"closed","ping_status":"closed","template":"template-fermix.php","meta":{"footnotes":""},"Applicazioni":[],"imballi":[],"class_list":["post-1134","page","type-page","status-publish","has-post-thumbnail","hentry"],"_links":{"self":[{"href":"https:\/\/fergra.it\/fr\/wp-json\/wp\/v2\/pages\/1134","targetHints":{"allow":["GET"]}}],"collection":[{"href":"https:\/\/fergra.it\/fr\/wp-json\/wp\/v2\/pages"}],"about":[{"href":"https:\/\/fergra.it\/fr\/wp-json\/wp\/v2\/types\/page"}],"author":[{"embeddable":true,"href":"https:\/\/fergra.it\/fr\/wp-json\/wp\/v2\/users\/1"}],"replies":[{"embeddable":true,"href":"https:\/\/fergra.it\/fr\/wp-json\/wp\/v2\/comments?post=1134"}],"version-history":[{"count":4,"href":"https:\/\/fergra.it\/fr\/wp-json\/wp\/v2\/pages\/1134\/revisions"}],"predecessor-version":[{"id":10355,"href":"https:\/\/fergra.it\/fr\/wp-json\/wp\/v2\/pages\/1134\/revisions\/10355"}],"wp:featuredmedia":[{"embeddable":true,"href":"https:\/\/fergra.it\/fr\/wp-json\/wp\/v2\/media\/10876"}],"wp:attachment":[{"href":"https:\/\/fergra.it\/fr\/wp-json\/wp\/v2\/media?parent=1134"}],"wp:term":[{"taxonomy":"Applicazioni","embeddable":true,"href":"https:\/\/fergra.it\/fr\/wp-json\/wp\/v2\/Applicazioni?post=1134"},{"taxonomy":"imballi","embeddable":true,"href":"https:\/\/fergra.it\/fr\/wp-json\/wp\/v2\/imballi?post=1134"}],"curies":[{"name":"wp","href":"https:\/\/api.w.org\/{rel}","templated":true}]}}