{"id":1127,"date":"2020-11-12T15:01:25","date_gmt":"2020-11-12T14:01:25","guid":{"rendered":"https:\/\/fergra.it\/\/?page_id=1127"},"modified":"2025-02-22T16:07:39","modified_gmt":"2025-02-22T15:07:39","slug":"entreprise","status":"publish","type":"page","link":"https:\/\/fergra.it\/fr\/entreprise\/","title":{"rendered":"ENTREPRISE"},"content":{"rendered":"<h2>Ferrari<br \/>\nGranulati<\/h2>\n<div class=\"pt-4\"><\/div>\n<p>Ferrari Granulati Marmi op\u00e8re depuis 1986 dans le secteur des granulats et des poudres de marbre.<\/p>\n<p>La passion de l&rsquo;entreprise pour le marbre, ainsi que son exp\u00e9rience et son savoir-faire technique, ont permis son d\u00e9veloppement continu et \u00e9quilibr\u00e9, tant sous l&rsquo;aspect technologique que commercial. Nos produits sont utilis\u00e9s dans des secteurs tr\u00e8s diversifi\u00e9s, mais notre objectif est de fournir \u00e0 nos clients toute l&rsquo;assistance technique et la collaboration n\u00e9cessaires en vue de s\u00e9lectionner les types et les services les plus adapt\u00e9s \u00e0 chaque utilisation.<\/p>\n<p><strong>Ferrari Granulati<\/strong> est une r\u00e9f\u00e9rence dans la production et la distribution d&rsquo;une vaste gamme de granulats et de poudres de marbre blanc et color\u00e9.<\/p>\n<div class=\"darker-text\">\n<a data-toggle=\"modal\" data-target=\".video-corporate\">  <\/p>\n<h4> Vid\u00e9o d&rsquo;entreprise > <\/h4>\n<p><\/a>\n<\/div>\n","protected":false},"excerpt":{"rendered":"<p>Ferrari Granulati Ferrari Granulati Marmi op\u00e8re depuis 1986 dans le secteur des granulats et des poudres de marbre. La passion de l&rsquo;entreprise pour le marbre, ainsi que son exp\u00e9rience et son savoir-faire technique, ont permis son d\u00e9veloppement continu et \u00e9quilibr\u00e9, tant sous l&rsquo;aspect technologique que commercial. Nos produits sont utilis\u00e9s dans des secteurs tr\u00e8s diversifi\u00e9s, &hellip; <a href=\"https:\/\/fergra.it\/fr\/entreprise\/\">Continued<\/a><\/p>\n","protected":false},"author":1,"featured_media":10141,"parent":0,"menu_order":0,"comment_status":"closed","ping_status":"closed","template":"template-azienda.php","meta":{"footnotes":""},"Applicazioni":[],"imballi":[],"class_list":["post-1127","page","type-page","status-publish","has-post-thumbnail","hentry"],"_links":{"self":[{"href":"https:\/\/fergra.it\/fr\/wp-json\/wp\/v2\/pages\/1127","targetHints":{"allow":["GET"]}}],"collection":[{"href":"https:\/\/fergra.it\/fr\/wp-json\/wp\/v2\/pages"}],"about":[{"href":"https:\/\/fergra.it\/fr\/wp-json\/wp\/v2\/types\/page"}],"author":[{"embeddable":true,"href":"https:\/\/fergra.it\/fr\/wp-json\/wp\/v2\/users\/1"}],"replies":[{"embeddable":true,"href":"https:\/\/fergra.it\/fr\/wp-json\/wp\/v2\/comments?post=1127"}],"version-history":[{"count":10,"href":"https:\/\/fergra.it\/fr\/wp-json\/wp\/v2\/pages\/1127\/revisions"}],"predecessor-version":[{"id":25008,"href":"https:\/\/fergra.it\/fr\/wp-json\/wp\/v2\/pages\/1127\/revisions\/25008"}],"wp:featuredmedia":[{"embeddable":true,"href":"https:\/\/fergra.it\/fr\/wp-json\/wp\/v2\/media\/10141"}],"wp:attachment":[{"href":"https:\/\/fergra.it\/fr\/wp-json\/wp\/v2\/media?parent=1127"}],"wp:term":[{"taxonomy":"Applicazioni","embeddable":true,"href":"https:\/\/fergra.it\/fr\/wp-json\/wp\/v2\/Applicazioni?post=1127"},{"taxonomy":"imballi","embeddable":true,"href":"https:\/\/fergra.it\/fr\/wp-json\/wp\/v2\/imballi?post=1127"}],"curies":[{"name":"wp","href":"https:\/\/api.w.org\/{rel}","templated":true}]}}