{"id":1097,"date":"2020-11-12T15:02:04","date_gmt":"2020-11-12T14:02:04","guid":{"rendered":"https:\/\/fergra.it\/\/sabbiarelli\/"},"modified":"2021-06-01T18:46:09","modified_gmt":"2021-06-01T16:46:09","slug":"sabbiarelli","status":"publish","type":"page","link":"https:\/\/fergra.it\/fr\/sabbiarelli\/","title":{"rendered":"SABBIARELLI"},"content":{"rendered":"<div class=\"row pt-5 mt-5\">\n<div class=\"col-xl-4 offset-lg-1 order-lg-last text-center\"><img decoding=\"async\" src=\"https:\/\/fergra.it\/wp-content\/uploads\/ferrari-granulati-sabbiarelli-1.png\" alt=\"Il colore per gioco\" width=\"70%\" \/><\/div>\n<div class=\"col-xl-7 mb-5\">\n<h1 class=\"poppins titolo-sabiarelli mb-5\">Sabbiarelli<br \/>\n<strong>La couleur pour jouer<\/strong><\/h1>\n<p>Apr\u00e8s avoir broy\u00e9 et transform\u00e9 les plus prestigieux marbres italiens durant plus de 30 ans, notre passion pour cette activit\u00e9 nous a incit\u00e9 \u00e0 concevoir un jeu cr\u00e9atif pour les plus jeunes bas\u00e9 sur l&rsquo;utilisation de nos sables.<\/p>\n<p><strong>Les sabbiarelli privil\u00e9gient la couleur et la fantaisie, offrant nouveau mode d&rsquo;exp\u00e9rimentation et de cr\u00e9ation avec le sable pens\u00e9 pour les enfants.<\/strong><\/p>\n<p>Un sable blanc aux reflets scintillants est transform\u00e9 avec des colorants \u00e9codurables en un arc-en-ciel de couleurs afin de stimuler la cr\u00e9ativit\u00e9 des enfants avec un jeu o\u00f9 le contact avec la mati\u00e8re joue un r\u00f4le didactique\/\u00e9ducatif important.<\/p>\n<p><strong>Le produit a enti\u00e8rement \u00e9t\u00e9 projet\u00e9 et r\u00e9alis\u00e9 par Ferrari Granulati, dans le respect de la r\u00e9glementation UE applicable \u00e0 la s\u00e9curit\u00e9 des jeux et des jouets (EN 71) et a fait l&rsquo;objet de toute l&rsquo;attention que m\u00e9ritent nos enfants.<\/strong><\/p>\n<p><a class=\"btn btn-primary mt-5\" href=\"https:\/\/www.sabbiarelli.it\/it\/\">Visitez le site<\/a><\/p>\n<\/div>\n<\/div>\n","protected":false},"excerpt":{"rendered":"<p>Sabbiarelli La couleur pour jouer Apr\u00e8s avoir broy\u00e9 et transform\u00e9 les plus prestigieux marbres italiens durant plus de 30 ans, notre passion pour cette activit\u00e9 nous a incit\u00e9 \u00e0 concevoir un jeu cr\u00e9atif pour les plus jeunes bas\u00e9 sur l&rsquo;utilisation de nos sables. Les sabbiarelli privil\u00e9gient la couleur et la fantaisie, offrant nouveau mode d&rsquo;exp\u00e9rimentation &hellip; <a href=\"https:\/\/fergra.it\/fr\/sabbiarelli\/\">Continued<\/a><\/p>\n","protected":false},"author":1,"featured_media":1098,"parent":0,"menu_order":0,"comment_status":"closed","ping_status":"closed","template":"template-sabbiarelli.php","meta":{"footnotes":""},"Applicazioni":[],"imballi":[],"class_list":["post-1097","page","type-page","status-publish","has-post-thumbnail","hentry"],"_links":{"self":[{"href":"https:\/\/fergra.it\/fr\/wp-json\/wp\/v2\/pages\/1097","targetHints":{"allow":["GET"]}}],"collection":[{"href":"https:\/\/fergra.it\/fr\/wp-json\/wp\/v2\/pages"}],"about":[{"href":"https:\/\/fergra.it\/fr\/wp-json\/wp\/v2\/types\/page"}],"author":[{"embeddable":true,"href":"https:\/\/fergra.it\/fr\/wp-json\/wp\/v2\/users\/1"}],"replies":[{"embeddable":true,"href":"https:\/\/fergra.it\/fr\/wp-json\/wp\/v2\/comments?post=1097"}],"version-history":[{"count":9,"href":"https:\/\/fergra.it\/fr\/wp-json\/wp\/v2\/pages\/1097\/revisions"}],"predecessor-version":[{"id":10719,"href":"https:\/\/fergra.it\/fr\/wp-json\/wp\/v2\/pages\/1097\/revisions\/10719"}],"wp:featuredmedia":[{"embeddable":true,"href":"https:\/\/fergra.it\/fr\/wp-json\/wp\/v2\/media\/1098"}],"wp:attachment":[{"href":"https:\/\/fergra.it\/fr\/wp-json\/wp\/v2\/media?parent=1097"}],"wp:term":[{"taxonomy":"Applicazioni","embeddable":true,"href":"https:\/\/fergra.it\/fr\/wp-json\/wp\/v2\/Applicazioni?post=1097"},{"taxonomy":"imballi","embeddable":true,"href":"https:\/\/fergra.it\/fr\/wp-json\/wp\/v2\/imballi?post=1097"}],"curies":[{"name":"wp","href":"https:\/\/api.w.org\/{rel}","templated":true}]}}