{"id":1084,"date":"2020-11-12T15:01:57","date_gmt":"2020-11-12T14:01:57","guid":{"rendered":"https:\/\/fergra.it\/\/applicazioni\/"},"modified":"2021-05-27T15:15:59","modified_gmt":"2021-05-27T13:15:59","slug":"applications","status":"publish","type":"page","link":"https:\/\/fergra.it\/fr\/applications\/","title":{"rendered":"APPLICATIONS"},"content":{"rendered":"<h1 class=\"h2 titolo-applicazioni\">Applications de granulats de marbre<\/h1>\n<h3 class=\"h4 sottotitolo-applicazioni\">Des id\u00e9es \u00e9l\u00e9gantes pour chauss\u00e9es, mobilier urbain, d\u00e9corations, jardins chinois et bien d&rsquo;autres encore<\/h3>\n","protected":false},"excerpt":{"rendered":"<p>Applications de granulats de marbre Des id\u00e9es \u00e9l\u00e9gantes pour chauss\u00e9es, mobilier urbain, d\u00e9corations, jardins chinois et bien d&rsquo;autres encore<\/p>\n","protected":false},"author":1,"featured_media":10963,"parent":0,"menu_order":0,"comment_status":"closed","ping_status":"closed","template":"template-applicazioni.php","meta":{"footnotes":""},"Applicazioni":[],"imballi":[],"class_list":["post-1084","page","type-page","status-publish","has-post-thumbnail","hentry"],"_links":{"self":[{"href":"https:\/\/fergra.it\/fr\/wp-json\/wp\/v2\/pages\/1084","targetHints":{"allow":["GET"]}}],"collection":[{"href":"https:\/\/fergra.it\/fr\/wp-json\/wp\/v2\/pages"}],"about":[{"href":"https:\/\/fergra.it\/fr\/wp-json\/wp\/v2\/types\/page"}],"author":[{"embeddable":true,"href":"https:\/\/fergra.it\/fr\/wp-json\/wp\/v2\/users\/1"}],"replies":[{"embeddable":true,"href":"https:\/\/fergra.it\/fr\/wp-json\/wp\/v2\/comments?post=1084"}],"version-history":[{"count":11,"href":"https:\/\/fergra.it\/fr\/wp-json\/wp\/v2\/pages\/1084\/revisions"}],"predecessor-version":[{"id":10389,"href":"https:\/\/fergra.it\/fr\/wp-json\/wp\/v2\/pages\/1084\/revisions\/10389"}],"wp:featuredmedia":[{"embeddable":true,"href":"https:\/\/fergra.it\/fr\/wp-json\/wp\/v2\/media\/10963"}],"wp:attachment":[{"href":"https:\/\/fergra.it\/fr\/wp-json\/wp\/v2\/media?parent=1084"}],"wp:term":[{"taxonomy":"Applicazioni","embeddable":true,"href":"https:\/\/fergra.it\/fr\/wp-json\/wp\/v2\/Applicazioni?post=1084"},{"taxonomy":"imballi","embeddable":true,"href":"https:\/\/fergra.it\/fr\/wp-json\/wp\/v2\/imballi?post=1084"}],"curies":[{"name":"wp","href":"https:\/\/api.w.org\/{rel}","templated":true}]}}