{"id":1072,"date":"2020-11-12T15:01:49","date_gmt":"2020-11-12T14:01:49","guid":{"rendered":"https:\/\/fergra.it\/\/imballi\/"},"modified":"2021-08-12T11:10:23","modified_gmt":"2021-08-12T09:10:23","slug":"conditionnements","status":"publish","type":"page","link":"https:\/\/fergra.it\/fr\/conditionnements\/","title":{"rendered":"CONDITIONNEMENTS"},"content":{"rendered":"<p>Tous nos mat\u00e9riaux peuvent \u00eatre retir\u00e9s en vrac, en containers standards et Open Top, sur wagon ferroviaire ou, pour les poudres, en camion citerne.<br \/>\nLes deux lignes d&#8217;emballage automatique en sacs plastique de 25 et 10 kg r\u00e9pondent aux besoins croissants du march\u00e9 de disposer d&rsquo;une manutention simplifi\u00e9e du mat\u00e9riau, tout en respectant les dispositions l\u00e9gales en mati\u00e8re de manutention manuelle des charges.<\/p>\n<p>L\u2019utilisation de deux lignes d&#8217;emballage jumelles nous permet d&rsquo;honorer rapidement et avec ponctualit\u00e9 toutes les demandes de notre client\u00e8le.<br \/>\nToutes les palettes b\u00e9n\u00e9ficient d&rsquo;un solide filmage et d&rsquo;une coiffe imperm\u00e9able qui garantissent une protection optimale du produit durant la manutention, le transport et le stockage.<\/p>\n<p>La ligne d&#8217;emballage en Big Bags de 1 500 kg permet d&rsquo;associer plusieurs types de mat\u00e9riaux ou de granulom\u00e9tries et de stocker ais\u00e9ment les produits de mani\u00e8re \u00e9conomique et fonctionnelle.<br \/>\nLes Big Bags peuvent \u00eatre charg\u00e9s avec ou sans plate-forme, conform\u00e9ment aux exigences du client.<\/p>\n","protected":false},"excerpt":{"rendered":"<p>Tous nos mat\u00e9riaux peuvent \u00eatre retir\u00e9s en vrac, en containers standards et Open Top, sur wagon ferroviaire ou, pour les poudres, en camion citerne. Les deux lignes d&#8217;emballage automatique en sacs plastique de 25 et 10 kg r\u00e9pondent aux besoins croissants du march\u00e9 de disposer d&rsquo;une manutention simplifi\u00e9e du mat\u00e9riau, tout en respectant les dispositions &hellip; <a href=\"https:\/\/fergra.it\/fr\/conditionnements\/\">Continued<\/a><\/p>\n","protected":false},"author":1,"featured_media":10923,"parent":0,"menu_order":0,"comment_status":"closed","ping_status":"closed","template":"template-imballi.php","meta":{"footnotes":""},"Applicazioni":[],"imballi":[],"class_list":["post-1072","page","type-page","status-publish","has-post-thumbnail","hentry"],"_links":{"self":[{"href":"https:\/\/fergra.it\/fr\/wp-json\/wp\/v2\/pages\/1072","targetHints":{"allow":["GET"]}}],"collection":[{"href":"https:\/\/fergra.it\/fr\/wp-json\/wp\/v2\/pages"}],"about":[{"href":"https:\/\/fergra.it\/fr\/wp-json\/wp\/v2\/types\/page"}],"author":[{"embeddable":true,"href":"https:\/\/fergra.it\/fr\/wp-json\/wp\/v2\/users\/1"}],"replies":[{"embeddable":true,"href":"https:\/\/fergra.it\/fr\/wp-json\/wp\/v2\/comments?post=1072"}],"version-history":[{"count":9,"href":"https:\/\/fergra.it\/fr\/wp-json\/wp\/v2\/pages\/1072\/revisions"}],"predecessor-version":[{"id":11117,"href":"https:\/\/fergra.it\/fr\/wp-json\/wp\/v2\/pages\/1072\/revisions\/11117"}],"wp:featuredmedia":[{"embeddable":true,"href":"https:\/\/fergra.it\/fr\/wp-json\/wp\/v2\/media\/10923"}],"wp:attachment":[{"href":"https:\/\/fergra.it\/fr\/wp-json\/wp\/v2\/media?parent=1072"}],"wp:term":[{"taxonomy":"Applicazioni","embeddable":true,"href":"https:\/\/fergra.it\/fr\/wp-json\/wp\/v2\/Applicazioni?post=1072"},{"taxonomy":"imballi","embeddable":true,"href":"https:\/\/fergra.it\/fr\/wp-json\/wp\/v2\/imballi?post=1072"}],"curies":[{"name":"wp","href":"https:\/\/api.w.org\/{rel}","templated":true}]}}