{"id":1050,"date":"2020-11-12T15:01:44","date_gmt":"2020-11-12T14:01:44","guid":{"rendered":"https:\/\/fergra.it\/\/tecnologia-qualita\/"},"modified":"2022-03-11T19:06:37","modified_gmt":"2022-03-11T18:06:37","slug":"technologie-qualite","status":"publish","type":"page","link":"https:\/\/fergra.it\/fr\/technologie-qualite\/","title":{"rendered":"TECHNOLOGIE ET QUALIT\u00c9"},"content":{"rendered":"<h2>Nous d\u00e9dions tous nos efforts et toute notre passion au service de produits exceptionnels<\/h2>\n<div class=\"pt-5\"><\/div>\n<p>Pour <strong>Ferrari Granulati<\/strong>, miser sur la qualit\u00e9 signifie travailler avec d\u00e9termination et passion en investissant constamment dans les ressources humaines, les machines et la technologie.<br \/>\nPlus qu\u2019une certification formelle, nous cherchons \u00e0 r\u00e9unir chaque jour les conditions n\u00e9cessaires pour offrir des produits et des services r\u00e9pondant aujourd&rsquo;hui et demain aux exigences d\u2019un march\u00e9 en constante \u00e9volution. Tel est notre engagement, et la satisfaction de notre fid\u00e8le client\u00e8le est la meilleure des r\u00e9compenses possibles.<\/p>\n","protected":false},"excerpt":{"rendered":"<p>Nous d\u00e9dions tous nos efforts et toute notre passion au service de produits exceptionnels Pour Ferrari Granulati, miser sur la qualit\u00e9 signifie travailler avec d\u00e9termination et passion en investissant constamment dans les ressources humaines, les machines et la technologie. Plus qu\u2019une certification formelle, nous cherchons \u00e0 r\u00e9unir chaque jour les conditions n\u00e9cessaires pour offrir des &hellip; <a href=\"https:\/\/fergra.it\/fr\/technologie-qualite\/\">Continued<\/a><\/p>\n","protected":false},"author":1,"featured_media":1052,"parent":0,"menu_order":0,"comment_status":"closed","ping_status":"closed","template":"template-tecnologia.php","meta":{"footnotes":""},"Applicazioni":[],"imballi":[],"class_list":["post-1050","page","type-page","status-publish","has-post-thumbnail","hentry"],"_links":{"self":[{"href":"https:\/\/fergra.it\/fr\/wp-json\/wp\/v2\/pages\/1050","targetHints":{"allow":["GET"]}}],"collection":[{"href":"https:\/\/fergra.it\/fr\/wp-json\/wp\/v2\/pages"}],"about":[{"href":"https:\/\/fergra.it\/fr\/wp-json\/wp\/v2\/types\/page"}],"author":[{"embeddable":true,"href":"https:\/\/fergra.it\/fr\/wp-json\/wp\/v2\/users\/1"}],"replies":[{"embeddable":true,"href":"https:\/\/fergra.it\/fr\/wp-json\/wp\/v2\/comments?post=1050"}],"version-history":[{"count":16,"href":"https:\/\/fergra.it\/fr\/wp-json\/wp\/v2\/pages\/1050\/revisions"}],"predecessor-version":[{"id":11558,"href":"https:\/\/fergra.it\/fr\/wp-json\/wp\/v2\/pages\/1050\/revisions\/11558"}],"wp:featuredmedia":[{"embeddable":true,"href":"https:\/\/fergra.it\/fr\/wp-json\/wp\/v2\/media\/1052"}],"wp:attachment":[{"href":"https:\/\/fergra.it\/fr\/wp-json\/wp\/v2\/media?parent=1050"}],"wp:term":[{"taxonomy":"Applicazioni","embeddable":true,"href":"https:\/\/fergra.it\/fr\/wp-json\/wp\/v2\/Applicazioni?post=1050"},{"taxonomy":"imballi","embeddable":true,"href":"https:\/\/fergra.it\/fr\/wp-json\/wp\/v2\/imballi?post=1050"}],"curies":[{"name":"wp","href":"https:\/\/api.w.org\/{rel}","templated":true}]}}