{"id":1018,"date":"2020-11-12T15:06:35","date_gmt":"2020-11-12T14:06:35","guid":{"rendered":"https:\/\/fergra.it\/\/carbonato-di-calcio\/"},"modified":"2021-05-27T14:16:15","modified_gmt":"2021-05-27T12:16:15","slug":"carbonato-di-calcio","status":"publish","type":"page","link":"https:\/\/fergra.it\/fr\/carbonato-di-calcio\/","title":{"rendered":"CARBONATE DE CALCIUM"},"content":{"rendered":"<h4>FERRARI CARBONATE DE CALCIUM<\/h4>\n<div class=\"mt-5\"><\/div>\n<h1 class=\"poppins\">Carbonate de calcium de grande puret\u00e9 et blanc lumineux<\/h1>\n<div class=\"mt-5\"><\/div>\n<p><strong class=\"gold\">Production et commercialisation de carbonate de calcium en poudre et granul\u00e9<\/strong><\/p>\n<p>Le carbonate de calcium Ferrari Granulati est r\u00e9alis\u00e9 via s\u00e9lection et traitement de roche de <strong>Bianco Carrara<\/strong>, connu dans le monde entier, et l&rsquo;une des mati\u00e8res premi\u00e8res les plus recherch\u00e9es pour l&rsquo;obtention de carbonates de grande puret\u00e9 d&rsquo;un blanc lumineux.<\/p>\n<p>En vue d&rsquo;am\u00e9liorer encore sa beaut\u00e9 naturelle, nous avons \u00e9t\u00e9 les premiers en Italie \u00e0 investir dans une installation opto\/\u00e9lectronique sophistiqu\u00e9e \u00e9quip\u00e9e de cam\u00e9ras haute vitesse et d&rsquo;une barri\u00e8re de d\u00e9viation dot\u00e9e de buses \u00e0 injection d&rsquo;air qui s\u00e9lectionne tout le mat\u00e9riau et \u00e9limine la quasi-totalit\u00e9 de ses impuret\u00e9s avant de l&rsquo;envoyer au broyage.<\/p>\n<p>La s\u00e9lection attentive des mati\u00e8res premi\u00e8res et les processus haute technologie fortement automatis\u00e9s garantissent un produit parfaitement fiable et offrant une puret\u00e9 de blanc sans \u00e9quivalent.<\/p>\n","protected":false},"excerpt":{"rendered":"<p>FERRARI CARBONATE DE CALCIUM Carbonate de calcium de grande puret\u00e9 et blanc lumineux Production et commercialisation de carbonate de calcium en poudre et granul\u00e9 Le carbonate de calcium Ferrari Granulati est r\u00e9alis\u00e9 via s\u00e9lection et traitement de roche de Bianco Carrara, connu dans le monde entier, et l&rsquo;une des mati\u00e8res premi\u00e8res les plus recherch\u00e9es pour &hellip; <a href=\"https:\/\/fergra.it\/fr\/carbonato-di-calcio\/\">Continued<\/a><\/p>\n","protected":false},"author":1,"featured_media":1019,"parent":0,"menu_order":0,"comment_status":"closed","ping_status":"closed","template":"template-carbonato.php","meta":{"footnotes":""},"Applicazioni":[51,54,63,72,69,78,60,57,75,66,81],"imballi":[90,96,93,84,87],"class_list":["post-1018","page","type-page","status-publish","has-post-thumbnail","hentry","Applicazioni-agglocemento-fr","Applicazioni-aggloresina-fr","Applicazioni-collanti-e-stucchi-fr","Applicazioni-cosmesi-fr","Applicazioni-filler-per-manufatti-in-resina-fr","Applicazioni-paste-detergenti-fr","Applicazioni-pitture-vernici-e-rivestimenti-fr","Applicazioni-premiscelati-cementizi-fr","Applicazioni-rivestimenti-interni-e-esterni-con-micrograne-fr","Applicazioni-sabbiature-fr","Applicazioni-segnaletica-sportiva-fr","imballi-bigbags-fr","imballi-sacchi-carta-25-kg-fr","imballi-sacchi-plastica-10-25-kg-fr","imballi-sfuso-fr","imballi-sfuso-in-siloscisterna-fr"],"_links":{"self":[{"href":"https:\/\/fergra.it\/fr\/wp-json\/wp\/v2\/pages\/1018","targetHints":{"allow":["GET"]}}],"collection":[{"href":"https:\/\/fergra.it\/fr\/wp-json\/wp\/v2\/pages"}],"about":[{"href":"https:\/\/fergra.it\/fr\/wp-json\/wp\/v2\/types\/page"}],"author":[{"embeddable":true,"href":"https:\/\/fergra.it\/fr\/wp-json\/wp\/v2\/users\/1"}],"replies":[{"embeddable":true,"href":"https:\/\/fergra.it\/fr\/wp-json\/wp\/v2\/comments?post=1018"}],"version-history":[{"count":6,"href":"https:\/\/fergra.it\/fr\/wp-json\/wp\/v2\/pages\/1018\/revisions"}],"predecessor-version":[{"id":10352,"href":"https:\/\/fergra.it\/fr\/wp-json\/wp\/v2\/pages\/1018\/revisions\/10352"}],"wp:featuredmedia":[{"embeddable":true,"href":"https:\/\/fergra.it\/fr\/wp-json\/wp\/v2\/media\/1019"}],"wp:attachment":[{"href":"https:\/\/fergra.it\/fr\/wp-json\/wp\/v2\/media?parent=1018"}],"wp:term":[{"taxonomy":"Applicazioni","embeddable":true,"href":"https:\/\/fergra.it\/fr\/wp-json\/wp\/v2\/Applicazioni?post=1018"},{"taxonomy":"imballi","embeddable":true,"href":"https:\/\/fergra.it\/fr\/wp-json\/wp\/v2\/imballi?post=1018"}],"curies":[{"name":"wp","href":"https:\/\/api.w.org\/{rel}","templated":true}]}}