{"id":1007,"date":"2020-11-12T15:01:32","date_gmt":"2020-11-12T14:01:32","guid":{"rendered":"https:\/\/fergra.it\/\/prodotti\/"},"modified":"2021-05-26T18:23:36","modified_gmt":"2021-05-26T16:23:36","slug":"granulats","status":"publish","type":"page","link":"https:\/\/fergra.it\/fr\/granulats\/","title":{"rendered":"GRANULATS"},"content":{"rendered":"<h4>FERRARI GRANULATS DE MARBRE<\/h4>\n<div class=\"mt-5\"><\/div>\n<h1 class=\"poppins titolo-granulati\">Des solutions naturelles pour une esth\u00e9tique unique<\/h1>\n<div class=\"mt-5\"><\/div>\n<p><strong>Gr\u00e2ce \u00e0 une recherche continue, Ferrari Granulati a s\u00e9lectionn\u00e9 les meilleurs marbres en termes de qualit\u00e9 et de disponibilit\u00e9 afin d&rsquo;offrir \u00e0 sa client\u00e8le l&rsquo;une des gammes les plus compl\u00e8tes et les plus fiables du march\u00e9.<\/strong><\/p>\n<p>Nos clients disposent d&rsquo;une vaste gamme de mat\u00e9riaux et de granulom\u00e9tries, et peuvent compter sur la fiabilit\u00e9 et la qualit\u00e9 constante de nos processus de broyage, criblage et conditionnement.<br \/>\nSignalons en particulier le mat\u00e9riau <strong>ExtraWhite<\/strong>, haute qualit\u00e9 et ultrablanc.<\/p>\n<p>Ferrari Granulati pr\u00e9sente ses granulats de marbre, s\u00e9lectionn\u00e9s dans les meilleures carri\u00e8res d&rsquo;Italie.<\/p>\n","protected":false},"excerpt":{"rendered":"<p>FERRARI GRANULATS DE MARBRE Des solutions naturelles pour une esth\u00e9tique unique Gr\u00e2ce \u00e0 une recherche continue, Ferrari Granulati a s\u00e9lectionn\u00e9 les meilleurs marbres en termes de qualit\u00e9 et de disponibilit\u00e9 afin d&rsquo;offrir \u00e0 sa client\u00e8le l&rsquo;une des gammes les plus compl\u00e8tes et les plus fiables du march\u00e9. Nos clients disposent d&rsquo;une vaste gamme de mat\u00e9riaux &hellip; <a href=\"https:\/\/fergra.it\/fr\/granulats\/\">Continued<\/a><\/p>\n","protected":false},"author":1,"featured_media":980,"parent":0,"menu_order":0,"comment_status":"closed","ping_status":"closed","template":"template-granulati.php","meta":{"footnotes":""},"Applicazioni":[],"imballi":[],"class_list":["post-1007","page","type-page","status-publish","has-post-thumbnail","hentry"],"_links":{"self":[{"href":"https:\/\/fergra.it\/fr\/wp-json\/wp\/v2\/pages\/1007","targetHints":{"allow":["GET"]}}],"collection":[{"href":"https:\/\/fergra.it\/fr\/wp-json\/wp\/v2\/pages"}],"about":[{"href":"https:\/\/fergra.it\/fr\/wp-json\/wp\/v2\/types\/page"}],"author":[{"embeddable":true,"href":"https:\/\/fergra.it\/fr\/wp-json\/wp\/v2\/users\/1"}],"replies":[{"embeddable":true,"href":"https:\/\/fergra.it\/fr\/wp-json\/wp\/v2\/comments?post=1007"}],"version-history":[{"count":6,"href":"https:\/\/fergra.it\/fr\/wp-json\/wp\/v2\/pages\/1007\/revisions"}],"predecessor-version":[{"id":10097,"href":"https:\/\/fergra.it\/fr\/wp-json\/wp\/v2\/pages\/1007\/revisions\/10097"}],"wp:featuredmedia":[{"embeddable":true,"href":"https:\/\/fergra.it\/fr\/wp-json\/wp\/v2\/media\/980"}],"wp:attachment":[{"href":"https:\/\/fergra.it\/fr\/wp-json\/wp\/v2\/media?parent=1007"}],"wp:term":[{"taxonomy":"Applicazioni","embeddable":true,"href":"https:\/\/fergra.it\/fr\/wp-json\/wp\/v2\/Applicazioni?post=1007"},{"taxonomy":"imballi","embeddable":true,"href":"https:\/\/fergra.it\/fr\/wp-json\/wp\/v2\/imballi?post=1007"}],"curies":[{"name":"wp","href":"https:\/\/api.w.org\/{rel}","templated":true}]}}