{"id":997,"date":"2020-11-12T15:01:25","date_gmt":"2020-11-12T14:01:25","guid":{"rendered":"https:\/\/fergra.it\/\/azienda\/"},"modified":"2025-02-22T16:07:04","modified_gmt":"2025-02-22T15:07:04","slug":"unternehmen","status":"publish","type":"page","link":"https:\/\/fergra.it\/de\/unternehmen\/","title":{"rendered":"UNTERNEHMEN"},"content":{"rendered":"<h2>Ferrari<br \/>\nGranulati<\/h2>\n<div class=\"pt-4\"><\/div>\n<p>ist seit 1986 im Bereich der Marmorgranulate und -pulver t\u00e4tig.<\/p>\n<p>Gepaart mit der Erfahrung und dem technischen Know-how, hat die Leidenschaft f\u00fcr den Marmor eine kontinuierliche und ausgewogene Entwicklung sowohl in technologischer als auch in kaufm\u00e4nnischer Hinsicht erm\u00f6glicht. Unsere Produkte werden in einer Vielzahl von sehr unterschiedlichen Branchen eingesetzt, aber unser Fokus besteht darin, unseren Kunden einen umfassenden technischen Service und ein Maximum an Zusammenarbeit zu liefern, um die f\u00fcr jeden Einsatz am besten Typologien und Leistungen auszuw\u00e4hlen.<\/p>\n<p><strong>Ferrari Granulati<\/strong> ist die Referenz bei der Produktion und beim Vertrieb eines umfassenden Sortiments an wei\u00dfem und farbigem Marmorpulver und -granulat.<\/p>\n<div class=\"darker-text\">\n<a data-toggle=\"modal\" data-target=\".video-corporate\">  <\/p>\n<h4> Gesch\u00e4ftliches Video > <\/h4>\n<p><\/a>\n<\/div>\n","protected":false},"excerpt":{"rendered":"<p>Ferrari Granulati ist seit 1986 im Bereich der Marmorgranulate und -pulver t\u00e4tig. Gepaart mit der Erfahrung und dem technischen Know-how, hat die Leidenschaft f\u00fcr den Marmor eine kontinuierliche und ausgewogene Entwicklung sowohl in technologischer als auch in kaufm\u00e4nnischer Hinsicht erm\u00f6glicht. Unsere Produkte werden in einer Vielzahl von sehr unterschiedlichen Branchen eingesetzt, aber unser Fokus besteht &hellip; <a href=\"https:\/\/fergra.it\/de\/unternehmen\/\">Continued<\/a><\/p>\n","protected":false},"author":1,"featured_media":10142,"parent":0,"menu_order":0,"comment_status":"closed","ping_status":"closed","template":"template-azienda.php","meta":{"footnotes":""},"Applicazioni":[],"imballi":[],"class_list":["post-997","page","type-page","status-publish","has-post-thumbnail","hentry"],"_links":{"self":[{"href":"https:\/\/fergra.it\/de\/wp-json\/wp\/v2\/pages\/997","targetHints":{"allow":["GET"]}}],"collection":[{"href":"https:\/\/fergra.it\/de\/wp-json\/wp\/v2\/pages"}],"about":[{"href":"https:\/\/fergra.it\/de\/wp-json\/wp\/v2\/types\/page"}],"author":[{"embeddable":true,"href":"https:\/\/fergra.it\/de\/wp-json\/wp\/v2\/users\/1"}],"replies":[{"embeddable":true,"href":"https:\/\/fergra.it\/de\/wp-json\/wp\/v2\/comments?post=997"}],"version-history":[{"count":11,"href":"https:\/\/fergra.it\/de\/wp-json\/wp\/v2\/pages\/997\/revisions"}],"predecessor-version":[{"id":25007,"href":"https:\/\/fergra.it\/de\/wp-json\/wp\/v2\/pages\/997\/revisions\/25007"}],"wp:featuredmedia":[{"embeddable":true,"href":"https:\/\/fergra.it\/de\/wp-json\/wp\/v2\/media\/10142"}],"wp:attachment":[{"href":"https:\/\/fergra.it\/de\/wp-json\/wp\/v2\/media?parent=997"}],"wp:term":[{"taxonomy":"Applicazioni","embeddable":true,"href":"https:\/\/fergra.it\/de\/wp-json\/wp\/v2\/Applicazioni?post=997"},{"taxonomy":"imballi","embeddable":true,"href":"https:\/\/fergra.it\/de\/wp-json\/wp\/v2\/imballi?post=997"}],"curies":[{"name":"wp","href":"https:\/\/api.w.org\/{rel}","templated":true}]}}