{"id":1099,"date":"2020-11-12T15:02:04","date_gmt":"2020-11-12T14:02:04","guid":{"rendered":"https:\/\/fergra.it\/\/sabbiarelli\/"},"modified":"2021-06-01T18:46:17","modified_gmt":"2021-06-01T16:46:17","slug":"sabbiarelli","status":"publish","type":"page","link":"https:\/\/fergra.it\/de\/sabbiarelli\/","title":{"rendered":"SABBIARELLI"},"content":{"rendered":"<div class=\"row pt-5 mt-5\">\n<div class=\"col-xl-4 offset-lg-1 order-lg-last text-center\"><img decoding=\"async\" src=\"https:\/\/fergra.it\/wp-content\/uploads\/ferrari-granulati-sabbiarelli-1.png\" alt=\"Il colore per gioco\" width=\"70%\" \/><\/div>\n<div class=\"col-xl-7 mb-5\">\n<h1 class=\"poppins titolo-sabiarelli mb-5\">Sabbiarelli<br \/>\n<strong>Die Farbe zum Spielen<\/strong><\/h1>\n<p>Nach dem Mahlen und Verarbeiten des kostbaren italienischen Marmors \u00fcber mehr als 30 Jahre hat die Leidenschaft f\u00fcr diese wundersch\u00f6ne Aktivit\u00e4t der Kreativit\u00e4t Platz gemacht und uns dazu gebracht, ein kreatives Spielzeug f\u00fcr die Kleinsten auf Basis unseres Sandes zu konzipieren und herzustellen.<\/p>\n<p><strong>Sabbiarelli ist ein Spielzeug, wo Farbe und Fantasie im Mittelpunkt stehen, eine neue M\u00f6glichkeit zum Experimentieren und Kreieren mit Marmorsand f\u00fcr Kinder.<\/strong><\/p>\n<p>Ein wei\u00dfer Sand mit leuchtenden Facetten wird mit umweltvertr\u00e4glichen Farbstoffen in einen Farbregenbogen verwandelt, um die Kreativit\u00e4t aller Kinder in einem Spielzeug anzuregen, wo der materielle Kontakt wichtige didaktische\/p\u00e4dagogische Aspekte entwickelt.<\/p>\n<p><strong>Das Produkt wurde unter Einhaltung aller europ\u00e4ischen Normen f\u00fcr die Sicherheit von Spielzeug (EN 71) mit all der Sorgfalt und Aufmerksamkeit, die unsere Kinder verdienen, g\u00e4nzlich von Ferrari Granulati konzipiert und hergestellt.<\/strong><\/p>\n<p><a class=\"btn btn-primary mt-5\" href=\"https:\/\/www.sabbiarelli.it\/it\/\">Webseite<\/a><\/p>\n<\/div>\n<\/div>\n","protected":false},"excerpt":{"rendered":"<p>Sabbiarelli Die Farbe zum Spielen Nach dem Mahlen und Verarbeiten des kostbaren italienischen Marmors \u00fcber mehr als 30 Jahre hat die Leidenschaft f\u00fcr diese wundersch\u00f6ne Aktivit\u00e4t der Kreativit\u00e4t Platz gemacht und uns dazu gebracht, ein kreatives Spielzeug f\u00fcr die Kleinsten auf Basis unseres Sandes zu konzipieren und herzustellen. Sabbiarelli ist ein Spielzeug, wo Farbe und &hellip; <a href=\"https:\/\/fergra.it\/de\/sabbiarelli\/\">Continued<\/a><\/p>\n","protected":false},"author":1,"featured_media":1100,"parent":0,"menu_order":0,"comment_status":"closed","ping_status":"closed","template":"template-sabbiarelli.php","meta":{"footnotes":""},"Applicazioni":[],"imballi":[],"class_list":["post-1099","page","type-page","status-publish","has-post-thumbnail","hentry"],"_links":{"self":[{"href":"https:\/\/fergra.it\/de\/wp-json\/wp\/v2\/pages\/1099","targetHints":{"allow":["GET"]}}],"collection":[{"href":"https:\/\/fergra.it\/de\/wp-json\/wp\/v2\/pages"}],"about":[{"href":"https:\/\/fergra.it\/de\/wp-json\/wp\/v2\/types\/page"}],"author":[{"embeddable":true,"href":"https:\/\/fergra.it\/de\/wp-json\/wp\/v2\/users\/1"}],"replies":[{"embeddable":true,"href":"https:\/\/fergra.it\/de\/wp-json\/wp\/v2\/comments?post=1099"}],"version-history":[{"count":10,"href":"https:\/\/fergra.it\/de\/wp-json\/wp\/v2\/pages\/1099\/revisions"}],"predecessor-version":[{"id":10720,"href":"https:\/\/fergra.it\/de\/wp-json\/wp\/v2\/pages\/1099\/revisions\/10720"}],"wp:featuredmedia":[{"embeddable":true,"href":"https:\/\/fergra.it\/de\/wp-json\/wp\/v2\/media\/1100"}],"wp:attachment":[{"href":"https:\/\/fergra.it\/de\/wp-json\/wp\/v2\/media?parent=1099"}],"wp:term":[{"taxonomy":"Applicazioni","embeddable":true,"href":"https:\/\/fergra.it\/de\/wp-json\/wp\/v2\/Applicazioni?post=1099"},{"taxonomy":"imballi","embeddable":true,"href":"https:\/\/fergra.it\/de\/wp-json\/wp\/v2\/imballi?post=1099"}],"curies":[{"name":"wp","href":"https:\/\/api.w.org\/{rel}","templated":true}]}}