{"id":1074,"date":"2020-11-12T15:01:49","date_gmt":"2020-11-12T14:01:49","guid":{"rendered":"https:\/\/fergra.it\/\/imballi\/"},"modified":"2021-08-12T11:08:44","modified_gmt":"2021-08-12T09:08:44","slug":"verpackungsgroessen","status":"publish","type":"page","link":"https:\/\/fergra.it\/de\/verpackungsgroessen\/","title":{"rendered":"VERPACKUNGSGR\u00d6SSEN"},"content":{"rendered":"<p>All unsere Materialien k\u00f6nnen als Sch\u00fcttgut in normalen und Open Top-Containern, auf Eisenbahnwaggons oder im Silo-Tankwagen (Pulver) abgeholt werden.<br \/>\nDie zwei automatischen Verpackungslinien f\u00fcr Plastiks\u00e4cke \u00e0 25 und 10 kg entsprechen der immer h\u00e4ufigeren Anfrage des Marktes nach einer einfacheren Materialhandhabung und halten gleichzeitig die gesetzlichen Bestimmungen in Bezug auf den manuellen Transport von F\u00fcllstoffen ein.<\/p>\n<p>Die Verwendung von zwei Doppelverpackungslinien erm\u00f6glicht uns die p\u00fcnktliche und rasche Erf\u00fcllung aller Anforderungen unserer Kunden.<br \/>\nAlle Paletten werden au\u00dfen mit robuster Stretchfolie umwickelt und mit einer undurchl\u00e4ssigen Abdeckung versehen, sodass ein optimaler Schutz f\u00fcr das Produkt bei Handhabung, Transport und Lagerung gew\u00e4hrleistet ist.<\/p>\n<p>Die Verpackungslinie f\u00fcr Bigbags \u00e0 1.000 kg erf\u00fcllt die Anforderung, in derselben Ladung verschiedene Arten von Materialien oder Korngr\u00f6\u00dfen zu kombinieren und die gekauften Produkte auf \u00f6konomische und funktionale Weise zu lagern.<br \/>\nDer Bigbag kann je nach Anforderung des Kunden mit oder ohne St\u00fctzplattform geladen werden.<\/p>\n","protected":false},"excerpt":{"rendered":"<p>All unsere Materialien k\u00f6nnen als Sch\u00fcttgut in normalen und Open Top-Containern, auf Eisenbahnwaggons oder im Silo-Tankwagen (Pulver) abgeholt werden. Die zwei automatischen Verpackungslinien f\u00fcr Plastiks\u00e4cke \u00e0 25 und 10 kg entsprechen der immer h\u00e4ufigeren Anfrage des Marktes nach einer einfacheren Materialhandhabung und halten gleichzeitig die gesetzlichen Bestimmungen in Bezug auf den manuellen Transport von F\u00fcllstoffen &hellip; <a href=\"https:\/\/fergra.it\/de\/verpackungsgroessen\/\">Continued<\/a><\/p>\n","protected":false},"author":1,"featured_media":10924,"parent":0,"menu_order":0,"comment_status":"closed","ping_status":"closed","template":"template-imballi.php","meta":{"footnotes":""},"Applicazioni":[],"imballi":[],"class_list":["post-1074","page","type-page","status-publish","has-post-thumbnail","hentry"],"_links":{"self":[{"href":"https:\/\/fergra.it\/de\/wp-json\/wp\/v2\/pages\/1074","targetHints":{"allow":["GET"]}}],"collection":[{"href":"https:\/\/fergra.it\/de\/wp-json\/wp\/v2\/pages"}],"about":[{"href":"https:\/\/fergra.it\/de\/wp-json\/wp\/v2\/types\/page"}],"author":[{"embeddable":true,"href":"https:\/\/fergra.it\/de\/wp-json\/wp\/v2\/users\/1"}],"replies":[{"embeddable":true,"href":"https:\/\/fergra.it\/de\/wp-json\/wp\/v2\/comments?post=1074"}],"version-history":[{"count":8,"href":"https:\/\/fergra.it\/de\/wp-json\/wp\/v2\/pages\/1074\/revisions"}],"predecessor-version":[{"id":11116,"href":"https:\/\/fergra.it\/de\/wp-json\/wp\/v2\/pages\/1074\/revisions\/11116"}],"wp:featuredmedia":[{"embeddable":true,"href":"https:\/\/fergra.it\/de\/wp-json\/wp\/v2\/media\/10924"}],"wp:attachment":[{"href":"https:\/\/fergra.it\/de\/wp-json\/wp\/v2\/media?parent=1074"}],"wp:term":[{"taxonomy":"Applicazioni","embeddable":true,"href":"https:\/\/fergra.it\/de\/wp-json\/wp\/v2\/Applicazioni?post=1074"},{"taxonomy":"imballi","embeddable":true,"href":"https:\/\/fergra.it\/de\/wp-json\/wp\/v2\/imballi?post=1074"}],"curies":[{"name":"wp","href":"https:\/\/api.w.org\/{rel}","templated":true}]}}