{"id":1053,"date":"2020-11-12T15:01:44","date_gmt":"2020-11-12T14:01:44","guid":{"rendered":"https:\/\/fergra.it\/\/tecnologia-qualita\/"},"modified":"2022-03-11T19:05:24","modified_gmt":"2022-03-11T18:05:24","slug":"technologie-qualitaet","status":"publish","type":"page","link":"https:\/\/fergra.it\/de\/technologie-qualitaet\/","title":{"rendered":"TECHNOLOGIE &#038; QUALIT\u00c4T"},"content":{"rendered":"<h2>Wir arbeiten mit Engagement und Leidenschaft, um Ihnen die besten Produkte zu bieten.<\/h2>\n<div class=\"pt-5\"><\/div>\n<p>An die Qualit\u00e4t zu glauben, bedeutet f\u00fcr <strong>Ferrari Granulati<\/strong>, mit Engagement und Leidenschaft zu arbeiten, kontinuierlich und kompetent in Humanressourcen, Maschinen und Technologien zu investieren.<\/p>\n<p>Wir versuchen jenseits aller Zertifikate Tag f\u00fcr Tag die Voraussetzungen zu schaffen, um Produkte und Serviceleistungen anzubieten, die jetzt und in Zukunft die stets neuen und anregenden Anforderungen zu erf\u00fcllen, die wir vom Markt erhalten. Darin besteht unser Engagement, und die Wertsch\u00e4tzung, die wir von unserer gesch\u00e4tzten Kundschaft erhalten, ist der beste Lohn.<\/p>\n","protected":false},"excerpt":{"rendered":"<p>Wir arbeiten mit Engagement und Leidenschaft, um Ihnen die besten Produkte zu bieten. An die Qualit\u00e4t zu glauben, bedeutet f\u00fcr Ferrari Granulati, mit Engagement und Leidenschaft zu arbeiten, kontinuierlich und kompetent in Humanressourcen, Maschinen und Technologien zu investieren. Wir versuchen jenseits aller Zertifikate Tag f\u00fcr Tag die Voraussetzungen zu schaffen, um Produkte und Serviceleistungen anzubieten, &hellip; <a href=\"https:\/\/fergra.it\/de\/technologie-qualitaet\/\">Continued<\/a><\/p>\n","protected":false},"author":1,"featured_media":1055,"parent":0,"menu_order":0,"comment_status":"closed","ping_status":"closed","template":"template-tecnologia.php","meta":{"footnotes":""},"Applicazioni":[],"imballi":[],"class_list":["post-1053","page","type-page","status-publish","has-post-thumbnail","hentry"],"_links":{"self":[{"href":"https:\/\/fergra.it\/de\/wp-json\/wp\/v2\/pages\/1053","targetHints":{"allow":["GET"]}}],"collection":[{"href":"https:\/\/fergra.it\/de\/wp-json\/wp\/v2\/pages"}],"about":[{"href":"https:\/\/fergra.it\/de\/wp-json\/wp\/v2\/types\/page"}],"author":[{"embeddable":true,"href":"https:\/\/fergra.it\/de\/wp-json\/wp\/v2\/users\/1"}],"replies":[{"embeddable":true,"href":"https:\/\/fergra.it\/de\/wp-json\/wp\/v2\/comments?post=1053"}],"version-history":[{"count":14,"href":"https:\/\/fergra.it\/de\/wp-json\/wp\/v2\/pages\/1053\/revisions"}],"predecessor-version":[{"id":11557,"href":"https:\/\/fergra.it\/de\/wp-json\/wp\/v2\/pages\/1053\/revisions\/11557"}],"wp:featuredmedia":[{"embeddable":true,"href":"https:\/\/fergra.it\/de\/wp-json\/wp\/v2\/media\/1055"}],"wp:attachment":[{"href":"https:\/\/fergra.it\/de\/wp-json\/wp\/v2\/media?parent=1053"}],"wp:term":[{"taxonomy":"Applicazioni","embeddable":true,"href":"https:\/\/fergra.it\/de\/wp-json\/wp\/v2\/Applicazioni?post=1053"},{"taxonomy":"imballi","embeddable":true,"href":"https:\/\/fergra.it\/de\/wp-json\/wp\/v2\/imballi?post=1053"}],"curies":[{"name":"wp","href":"https:\/\/api.w.org\/{rel}","templated":true}]}}