{"id":1031,"date":"2020-11-19T11:27:27","date_gmt":"2020-11-19T10:27:27","guid":{"rendered":"https:\/\/fergra.it\/\/fermix\/"},"modified":"2021-06-23T14:50:29","modified_gmt":"2021-06-23T12:50:29","slug":"fermix","status":"publish","type":"page","link":"https:\/\/fergra.it\/de\/fermix\/","title":{"rendered":"FERMIX"},"content":{"rendered":"<h4>FERMIX<\/h4>\n<div class=\"mt-5\"><\/div>\n<h1 class=\"poppins\">Entfesseln Sie Ihre Kreativit\u00e4t, w\u00e4hlen Sie Ihre personalisierte Mischung<\/h1>\n<div class=\"mt-5\"><\/div>\n<p class=\"gold\"><strong><strong>Mit einem innovativen Service k\u00f6nnen wir jegliche Mischung zwischen den Materialien und Korngr\u00f6\u00dfen im Sortiment mit der M\u00f6glichkeit zur Verpackung in Bigbags und Plastiks\u00e4cken \u00e0 25 kg oder 10 kg herstellen.<\/strong><\/p>\n<p>Die Vorteile beim Einsatz sind zahlreich, vom praktischen Transport \u00fcber das schnelle Anr\u00fchren und Verwenden bis hin zur konstanten Wiederholbarkeit der Herstellung.<\/p>\n<p>Wir bieten einige der beliebtesten Mischungen an, Sie k\u00f6nnen aber auch ihre eigene Zusammenstellung anfordern. Ihrer Fantasie und Kreativit\u00e4t sind dabei keine Grenzen gesetzt.<\/p>\n<p>&nbsp;<\/p>\n","protected":false},"excerpt":{"rendered":"<p>FERMIX Entfesseln Sie Ihre Kreativit\u00e4t, w\u00e4hlen Sie Ihre personalisierte Mischung Mit einem innovativen Service k\u00f6nnen wir jegliche Mischung zwischen den Materialien und Korngr\u00f6\u00dfen im Sortiment mit der M\u00f6glichkeit zur Verpackung in Bigbags und Plastiks\u00e4cken \u00e0 25 kg oder 10 kg herstellen. Die Vorteile beim Einsatz sind zahlreich, vom praktischen Transport \u00fcber das schnelle Anr\u00fchren und &hellip; <a href=\"https:\/\/fergra.it\/de\/fermix\/\">Continued<\/a><\/p>\n","protected":false},"author":1,"featured_media":10877,"parent":0,"menu_order":0,"comment_status":"closed","ping_status":"closed","template":"template-fermix.php","meta":{"footnotes":""},"Applicazioni":[],"imballi":[],"class_list":["post-1031","page","type-page","status-publish","has-post-thumbnail","hentry"],"_links":{"self":[{"href":"https:\/\/fergra.it\/de\/wp-json\/wp\/v2\/pages\/1031","targetHints":{"allow":["GET"]}}],"collection":[{"href":"https:\/\/fergra.it\/de\/wp-json\/wp\/v2\/pages"}],"about":[{"href":"https:\/\/fergra.it\/de\/wp-json\/wp\/v2\/types\/page"}],"author":[{"embeddable":true,"href":"https:\/\/fergra.it\/de\/wp-json\/wp\/v2\/users\/1"}],"replies":[{"embeddable":true,"href":"https:\/\/fergra.it\/de\/wp-json\/wp\/v2\/comments?post=1031"}],"version-history":[{"count":5,"href":"https:\/\/fergra.it\/de\/wp-json\/wp\/v2\/pages\/1031\/revisions"}],"predecessor-version":[{"id":10356,"href":"https:\/\/fergra.it\/de\/wp-json\/wp\/v2\/pages\/1031\/revisions\/10356"}],"wp:featuredmedia":[{"embeddable":true,"href":"https:\/\/fergra.it\/de\/wp-json\/wp\/v2\/media\/10877"}],"wp:attachment":[{"href":"https:\/\/fergra.it\/de\/wp-json\/wp\/v2\/media?parent=1031"}],"wp:term":[{"taxonomy":"Applicazioni","embeddable":true,"href":"https:\/\/fergra.it\/de\/wp-json\/wp\/v2\/Applicazioni?post=1031"},{"taxonomy":"imballi","embeddable":true,"href":"https:\/\/fergra.it\/de\/wp-json\/wp\/v2\/imballi?post=1031"}],"curies":[{"name":"wp","href":"https:\/\/api.w.org\/{rel}","templated":true}]}}