{"id":1020,"date":"2020-11-12T15:06:35","date_gmt":"2020-11-12T14:06:35","guid":{"rendered":"https:\/\/fergra.it\/\/carbonato-di-calcio\/"},"modified":"2021-05-27T14:16:20","modified_gmt":"2021-05-27T12:16:20","slug":"kalziumkarbonat","status":"publish","type":"page","link":"https:\/\/fergra.it\/de\/kalziumkarbonat\/","title":{"rendered":"KALZIUMKARBONAT"},"content":{"rendered":"<h4>FERRARI KALZIUMKARBONAT<\/h4>\n<div class=\"mt-5\"><\/div>\n<h1 class=\"poppins\">Kalziumkarbonat mit hoher Reinheit und Wei\u00dfe<\/h1>\n<div class=\"mt-5\"><\/div>\n<p><strong class=\"gold\">Produktion und Vertrieb von Kalziumkarbonat in Pulver- und Granulatform<\/strong><\/p>\n<p>Das Kalziumkarbonat von<strong> Ferrari Granulati<\/strong> wird ausschlie\u00dflich durch Auswahl und Verarbeitung von Bianco Carrara-Gestein hergestellt, das allgemein als eines der kostbarsten Rohstoffe f\u00fcr die Gewinnung von Karbonaten mit hoher Reinheit und Wei\u00dfe gilt.<\/p>\n<p>Um das zu verbessern, was uns die Natur bereits an Gutem schenkt, haben wir als erste in Italien eine ausgekl\u00fcgelte optoelektronische Anlage installiert, die dank Hochgeschwindigkeitskameras und einer Umlenkbarriere mit Luftd\u00fcsen das gesamte Material sortiert, bevor es in den Mahlprozess kommt, sodass eventuell vorhanden Unreinheiten fast g\u00e4nzlich entfernt werden.<\/p>\n<p>Die Sorgfalt bei der Auswahl des Rohmaterials und den nachfolgenden technologisch fortschrittlichen und hoch automatisierten Prozessen erm\u00f6glichen es uns, ein Produkt von absoluter Zuverl\u00e4ssigkeit und mit einer Wei\u00dfe anzubieten, die ihresgleichen sucht.<\/p>\n","protected":false},"excerpt":{"rendered":"<p>FERRARI KALZIUMKARBONAT Kalziumkarbonat mit hoher Reinheit und Wei\u00dfe Produktion und Vertrieb von Kalziumkarbonat in Pulver- und Granulatform Das Kalziumkarbonat von Ferrari Granulati wird ausschlie\u00dflich durch Auswahl und Verarbeitung von Bianco Carrara-Gestein hergestellt, das allgemein als eines der kostbarsten Rohstoffe f\u00fcr die Gewinnung von Karbonaten mit hoher Reinheit und Wei\u00dfe gilt. Um das zu verbessern, was &hellip; <a href=\"https:\/\/fergra.it\/de\/kalziumkarbonat\/\">Continued<\/a><\/p>\n","protected":false},"author":1,"featured_media":1021,"parent":0,"menu_order":0,"comment_status":"closed","ping_status":"closed","template":"template-carbonato.php","meta":{"footnotes":""},"Applicazioni":[52,55,64,73,70,79,61,58,76,67,82],"imballi":[91,97,94,85,88],"class_list":["post-1020","page","type-page","status-publish","has-post-thumbnail","hentry","Applicazioni-agglocemento-de","Applicazioni-aggloresina-de","Applicazioni-collanti-e-stucchi-de","Applicazioni-cosmesi-de","Applicazioni-filler-per-manufatti-in-resina-de","Applicazioni-paste-detergenti-de","Applicazioni-pitture-vernici-e-rivestimenti-de","Applicazioni-premiscelati-cementizi-de","Applicazioni-rivestimenti-interni-e-esterni-con-micrograne-de","Applicazioni-sabbiature-de","Applicazioni-segnaletica-sportiva-de","imballi-bigbags-de","imballi-sacchi-carta-25-kg-de","imballi-sacchi-plastica-10-25-kg-de","imballi-sfuso-de","imballi-sfuso-in-siloscisterna-de"],"_links":{"self":[{"href":"https:\/\/fergra.it\/de\/wp-json\/wp\/v2\/pages\/1020","targetHints":{"allow":["GET"]}}],"collection":[{"href":"https:\/\/fergra.it\/de\/wp-json\/wp\/v2\/pages"}],"about":[{"href":"https:\/\/fergra.it\/de\/wp-json\/wp\/v2\/types\/page"}],"author":[{"embeddable":true,"href":"https:\/\/fergra.it\/de\/wp-json\/wp\/v2\/users\/1"}],"replies":[{"embeddable":true,"href":"https:\/\/fergra.it\/de\/wp-json\/wp\/v2\/comments?post=1020"}],"version-history":[{"count":5,"href":"https:\/\/fergra.it\/de\/wp-json\/wp\/v2\/pages\/1020\/revisions"}],"predecessor-version":[{"id":10353,"href":"https:\/\/fergra.it\/de\/wp-json\/wp\/v2\/pages\/1020\/revisions\/10353"}],"wp:featuredmedia":[{"embeddable":true,"href":"https:\/\/fergra.it\/de\/wp-json\/wp\/v2\/media\/1021"}],"wp:attachment":[{"href":"https:\/\/fergra.it\/de\/wp-json\/wp\/v2\/media?parent=1020"}],"wp:term":[{"taxonomy":"Applicazioni","embeddable":true,"href":"https:\/\/fergra.it\/de\/wp-json\/wp\/v2\/Applicazioni?post=1020"},{"taxonomy":"imballi","embeddable":true,"href":"https:\/\/fergra.it\/de\/wp-json\/wp\/v2\/imballi?post=1020"}],"curies":[{"name":"wp","href":"https:\/\/api.w.org\/{rel}","templated":true}]}}