{"id":1009,"date":"2020-11-12T15:01:32","date_gmt":"2020-11-12T14:01:32","guid":{"rendered":"https:\/\/fergra.it\/\/prodotti\/"},"modified":"2021-05-26T18:26:01","modified_gmt":"2021-05-26T16:26:01","slug":"granulate","status":"publish","type":"page","link":"https:\/\/fergra.it\/de\/granulate\/","title":{"rendered":"GRANULATE"},"content":{"rendered":"<h4>FERRARI MARMORGRANULATE<\/h4>\n<div class=\"mt-5\"><\/div>\n<h1 class=\"poppins titolo-granulati\">Nat\u00fcrliche L\u00f6sungen zur Veredelung<\/h1>\n<div class=\"mt-5\"><\/div>\n<p><strong>In einer konstanten Suche hat Ferrari Granulati im Laufe der Jahre die besten Marmorsorten im Hinblick auf Qualit\u00e4t und Verf\u00fcgbarkeit ausgew\u00e4hlt, um den Kunden eines der umfassendsten und zuverl\u00e4ssigsten Sortimente des Marktes zu bieten.<\/strong><\/p>\n<p>Der Kunde findet bei uns die Auswahlm\u00f6glichkeit zwischen zahlreichen Materialien und Korngr\u00f6\u00dfen und kann dabei mit Sicherheit und Kontinuit\u00e4t auf die Mahl-, Sieb- und Verpackungsqualit\u00e4t z\u00e4hlen.<\/p>\n<p>Besonders hervorheben m\u00f6chten wir das Material <strong>ExtraWhite<\/strong> wegen seines besonderen Werts und Wei\u00dfgrads.<\/p>\n<p>Ferrari Granulati pr\u00e4sentiert sein Marmorgranulat, das aus den besten Steinbr\u00fcchen Italiens ausgew\u00e4hlt wird.<\/p>\n","protected":false},"excerpt":{"rendered":"<p>FERRARI MARMORGRANULATE Nat\u00fcrliche L\u00f6sungen zur Veredelung In einer konstanten Suche hat Ferrari Granulati im Laufe der Jahre die besten Marmorsorten im Hinblick auf Qualit\u00e4t und Verf\u00fcgbarkeit ausgew\u00e4hlt, um den Kunden eines der umfassendsten und zuverl\u00e4ssigsten Sortimente des Marktes zu bieten. Der Kunde findet bei uns die Auswahlm\u00f6glichkeit zwischen zahlreichen Materialien und Korngr\u00f6\u00dfen und kann dabei &hellip; <a href=\"https:\/\/fergra.it\/de\/granulate\/\">Continued<\/a><\/p>\n","protected":false},"author":1,"featured_media":983,"parent":0,"menu_order":0,"comment_status":"closed","ping_status":"closed","template":"template-granulati.php","meta":{"footnotes":""},"Applicazioni":[],"imballi":[],"class_list":["post-1009","page","type-page","status-publish","has-post-thumbnail","hentry"],"_links":{"self":[{"href":"https:\/\/fergra.it\/de\/wp-json\/wp\/v2\/pages\/1009","targetHints":{"allow":["GET"]}}],"collection":[{"href":"https:\/\/fergra.it\/de\/wp-json\/wp\/v2\/pages"}],"about":[{"href":"https:\/\/fergra.it\/de\/wp-json\/wp\/v2\/types\/page"}],"author":[{"embeddable":true,"href":"https:\/\/fergra.it\/de\/wp-json\/wp\/v2\/users\/1"}],"replies":[{"embeddable":true,"href":"https:\/\/fergra.it\/de\/wp-json\/wp\/v2\/comments?post=1009"}],"version-history":[{"count":5,"href":"https:\/\/fergra.it\/de\/wp-json\/wp\/v2\/pages\/1009\/revisions"}],"predecessor-version":[{"id":10105,"href":"https:\/\/fergra.it\/de\/wp-json\/wp\/v2\/pages\/1009\/revisions\/10105"}],"wp:featuredmedia":[{"embeddable":true,"href":"https:\/\/fergra.it\/de\/wp-json\/wp\/v2\/media\/983"}],"wp:attachment":[{"href":"https:\/\/fergra.it\/de\/wp-json\/wp\/v2\/media?parent=1009"}],"wp:term":[{"taxonomy":"Applicazioni","embeddable":true,"href":"https:\/\/fergra.it\/de\/wp-json\/wp\/v2\/Applicazioni?post=1009"},{"taxonomy":"imballi","embeddable":true,"href":"https:\/\/fergra.it\/de\/wp-json\/wp\/v2\/imballi?post=1009"}],"curies":[{"name":"wp","href":"https:\/\/api.w.org\/{rel}","templated":true}]}}